{"id":8044,"date":"2021-05-31T07:40:27","date_gmt":"2021-05-31T05:40:27","guid":{"rendered":"https:\/\/toerist.info\/allgemein\/"},"modified":"2021-09-23T10:30:08","modified_gmt":"2021-09-23T10:30:08","slug":"allgemein","status":"publish","type":"page","link":"https:\/\/toerist.info\/de\/allgemein\/","title":{"rendered":"Allgemein"},"content":{"rendered":"<p><b>Schouwen-Duiveland<\/b>\u00a0(\u00a0Zeeuws:\u00a0<i>Schouwen-Duveland<\/i>) ist eine Insel und\u00a0Gemeinde\u00a0in der\u00a0niederl\u00e4ndischen\u00a0Provinz\u00a0Zeeland. Die Gemeinde hat 34.054 Einwohner (1. Januar 2021) und hat eine Fl\u00e4che von 488,94 km\u00b2 (davon 257,87 km\u00b2 Wasser).<\/p>\n<p>Die Insel hat zwei feste Verbindungen nach Goeree-Overflakkee: den Brouwersdam und den Grevelingendam. Genau wie die Zeeland-Br\u00fccke geht auch das Sturmflutwehr Oosterschelde nach Noord-Beveland. Die Insel ist gr\u00f6\u00dftenteils flach und Teile liegen unter dem Meeresspiegel. An der Westspitze befindet sich ein D\u00fcnengebiet (der &#8218;Kop van Schouwen&#8216;), dessen h\u00f6chster Punkt etwa 42 Meter \u00fcber dem Meeresspiegel liegt. Die Insel ist bei Touristen beliebt. Vor allem der Ort Renesse ist ein beliebtes Urlaubsziel f\u00fcr junge Leute. Renesse wird versuchen, sich von 2010 bis 2015 mehr als Badeort f\u00fcr Familien und \u00e4ltere Menschen zu entwickeln.<sup id=\"cite_ref-2\" class=\"reference\"><\/sup><\/p>\n<h3>Geschichte<\/h3>\n<p>Die Insel Schouwen-Duiveland bestand einst aus vier Inseln: Schouwen, Duiveland, Dreischor und Bommenede. Diese sind im Laufe der Jahrhunderte von Natur und Mensch zusammengewachsen. Der Damm zwischen Schouwen und Duiveland stammt aus dem Jahr 1610.<\/p>\n<p>Am 30. April 1900 er\u00f6ffnete der Rotterdamsche Tramweg Maatschappij auf der Insel eine Dampfstra\u00dfenbahnlinie, die bis zum 1. Februar 1953 den \u00f6ffentlichen Verkehr bot. Nach der Flutkatastrophe 1953 wurde der Betrieb nicht wiederhergestellt und durch eine Buslinie ersetzt.<\/p>\n<p>Nach der Fertigstellung des Brouwersdam 1972 hat sich die Insel zu einem Zentrum des Wassersports entwickelt. An den Nordseestr\u00e4nden und am Grevelingenmeer kann man Surfen, Segeln und Tauchen treiben.<\/p>\n<h3>Natur auf Schouwen-Duiveland<\/h3>\n<p>Auf Schouwen-Duiveland befinden sich zahlreiche Naturschutzgebiete. Sie werden in der Regel von Staatsbosbeheer verwaltet. Die meisten Naturschutzgebiete sind f\u00fcr Besucher zug\u00e4nglich. Die Gebiete sind besonders f\u00fcr Vogelbeobachter und Radfahrer geeignet. In der Natur von Schouwen Duiveland sind europ\u00e4ische Sonderarten wie S\u00e4belschn\u00e4bler, Brachvogel und Sandregenpfeifer zu finden. Die Forstwirtschaft Westerschouwen ist der gr\u00f6\u00dfte Wald in der Provinz Zeeland.<sup id=\"cite_ref-4\" class=\"reference\"><\/sup>Neben der Natur in und um das Grevelingenmeer gibt es auf Schouwen . folgende Naturschutzgebiete -Duiveland:<\/p>\n<ul>\n<li>Forstwirtschaft Westerschouwen<\/li>\n<li>Schouwen-Leiter<\/li>\n<li>Schluck aus Dijkwater<\/li>\n<li>Dorfwald Sirjansland<\/li>\n<li>D\u00fcnenzoom<\/li>\n<li>Gadra<\/li>\n<li>Kakkersweel<\/li>\n<li>Karolingische Burg<\/li>\n<li>Bachgebiet Ouwerkerk<\/li>\n<li>M\u00f6wend\u00fcnen<\/li>\n<li>Naters Creek<\/li>\n<li>Plan Rotschenkel<\/li>\n<li>Prunje<\/li>\n<li>Schalenwinkel<\/li>\n<li>Schouwse Dijkbeemden<\/li>\n<li>Schuddebeurs (Naturschutzgebiet)<\/li>\n<li>Der Steinerne Schwan<\/li>\n<li>Flughafen (Naturschutzgebiet)<\/li>\n<li>Vroongronden<\/li>\n<li>S\u00fc\u00dfe und salzige Feuerstelle<\/li>\n<\/ul>\n","protected":false},"excerpt":{"rendered":"<p>Schouwen-Duiveland\u00a0(\u00a0Zeeuws:\u00a0Schouwen-Duveland) ist eine Insel und\u00a0Gemeinde\u00a0in der\u00a0niederl\u00e4ndischen\u00a0Provinz\u00a0Zeeland. Die Gemeinde hat 34.054 Einwohner (1. Januar 2021) und hat eine Fl\u00e4che von 488,94 km\u00b2 (davon 257,87 km\u00b2 Wasser). Die Insel hat zwei feste Verbindungen nach Goeree-Overflakkee: den Brouwersdam und den Grevelingendam. Genau wie die Zeeland-Br\u00fccke geht auch das Sturmflutwehr Oosterschelde nach Noord-Beveland. Die Insel ist gr\u00f6\u00dftenteils flach und [&hellip;]<\/p>\n","protected":false},"author":1,"featured_media":1035,"parent":0,"menu_order":0,"comment_status":"closed","ping_status":"closed","template":"","meta":{"_acf_changed":false,"footnotes":""},"class_list":["post-8044","page","type-page","status-publish","has-post-thumbnail","hentry"],"acf":[],"yoast_head":"<!-- This site is optimized with the Yoast SEO plugin v27.4 - https:\/\/yoast.com\/product\/yoast-seo-wordpress\/ -->\n<title>Allgemein - Toerist.info<\/title>\n<meta name=\"robots\" content=\"index, follow, max-snippet:-1, max-image-preview:large, max-video-preview:-1\" \/>\n<link rel=\"canonical\" href=\"https:\/\/toerist.info\/de\/allgemein\/\" \/>\n<meta property=\"og:locale\" content=\"de_DE\" \/>\n<meta property=\"og:type\" content=\"article\" \/>\n<meta property=\"og:title\" content=\"Allgemein - Toerist.info\" \/>\n<meta property=\"og:description\" content=\"Schouwen-Duiveland\u00a0(\u00a0Zeeuws:\u00a0Schouwen-Duveland) ist eine Insel und\u00a0Gemeinde\u00a0in der\u00a0niederl\u00e4ndischen\u00a0Provinz\u00a0Zeeland. Die Gemeinde hat 34.054 Einwohner (1. Januar 2021) und hat eine Fl\u00e4che von 488,94 km\u00b2 (davon 257,87 km\u00b2 Wasser). Die Insel hat zwei feste Verbindungen nach Goeree-Overflakkee: den Brouwersdam und den Grevelingendam. Genau wie die Zeeland-Br\u00fccke geht auch das Sturmflutwehr Oosterschelde nach Noord-Beveland. Die Insel ist gr\u00f6\u00dftenteils flach und [&hellip;]\" \/>\n<meta property=\"og:url\" content=\"https:\/\/toerist.info\/de\/allgemein\/\" \/>\n<meta property=\"og:site_name\" content=\"Toerist.info\" \/>\n<meta property=\"article:modified_time\" content=\"2021-09-23T10:30:08+00:00\" \/>\n<meta property=\"og:image\" content=\"https:\/\/toerist.info\/wp-content\/uploads\/2021\/06\/Renesse-kopie-1.jpg\" \/>\n\t<meta property=\"og:image:width\" content=\"1920\" \/>\n\t<meta property=\"og:image:height\" content=\"979\" \/>\n\t<meta property=\"og:image:type\" content=\"image\/jpeg\" \/>\n<meta name=\"twitter:card\" content=\"summary_large_image\" \/>\n<meta name=\"twitter:label1\" content=\"Gesch\u00e4tzte Lesezeit\" \/>\n\t<meta name=\"twitter:data1\" content=\"2\u00a0Minuten\" \/>\n<script type=\"application\/ld+json\" class=\"yoast-schema-graph\">{\"@context\":\"https:\\\/\\\/schema.org\",\"@graph\":[{\"@type\":\"WebPage\",\"@id\":\"https:\\\/\\\/toerist.info\\\/de\\\/allgemein\\\/\",\"url\":\"https:\\\/\\\/toerist.info\\\/de\\\/allgemein\\\/\",\"name\":\"Allgemein - Toerist.info\",\"isPartOf\":{\"@id\":\"https:\\\/\\\/toerist.info\\\/de\\\/#website\"},\"primaryImageOfPage\":{\"@id\":\"https:\\\/\\\/toerist.info\\\/de\\\/allgemein\\\/#primaryimage\"},\"image\":{\"@id\":\"https:\\\/\\\/toerist.info\\\/de\\\/allgemein\\\/#primaryimage\"},\"thumbnailUrl\":\"https:\\\/\\\/toerist.info\\\/wp-content\\\/uploads\\\/2021\\\/06\\\/Renesse-kopie-1.jpg\",\"datePublished\":\"2021-05-31T05:40:27+00:00\",\"dateModified\":\"2021-09-23T10:30:08+00:00\",\"breadcrumb\":{\"@id\":\"https:\\\/\\\/toerist.info\\\/de\\\/allgemein\\\/#breadcrumb\"},\"inLanguage\":\"de\",\"potentialAction\":[{\"@type\":\"ReadAction\",\"target\":[\"https:\\\/\\\/toerist.info\\\/de\\\/allgemein\\\/\"]}]},{\"@type\":\"ImageObject\",\"inLanguage\":\"de\",\"@id\":\"https:\\\/\\\/toerist.info\\\/de\\\/allgemein\\\/#primaryimage\",\"url\":\"https:\\\/\\\/toerist.info\\\/wp-content\\\/uploads\\\/2021\\\/06\\\/Renesse-kopie-1.jpg\",\"contentUrl\":\"https:\\\/\\\/toerist.info\\\/wp-content\\\/uploads\\\/2021\\\/06\\\/Renesse-kopie-1.jpg\",\"width\":1920,\"height\":979},{\"@type\":\"BreadcrumbList\",\"@id\":\"https:\\\/\\\/toerist.info\\\/de\\\/allgemein\\\/#breadcrumb\",\"itemListElement\":[{\"@type\":\"ListItem\",\"position\":1,\"name\":\"Home\",\"item\":\"https:\\\/\\\/toerist.info\\\/de\\\/\"},{\"@type\":\"ListItem\",\"position\":2,\"name\":\"Allgemein\"}]},{\"@type\":\"WebSite\",\"@id\":\"https:\\\/\\\/toerist.info\\\/de\\\/#website\",\"url\":\"https:\\\/\\\/toerist.info\\\/de\\\/\",\"name\":\"Toerist.info\",\"description\":\"Tourist information Schouwen-Duiveland\",\"publisher\":{\"@id\":\"https:\\\/\\\/toerist.info\\\/de\\\/#organization\"},\"potentialAction\":[{\"@type\":\"SearchAction\",\"target\":{\"@type\":\"EntryPoint\",\"urlTemplate\":\"https:\\\/\\\/toerist.info\\\/de\\\/?s={search_term_string}\"},\"query-input\":{\"@type\":\"PropertyValueSpecification\",\"valueRequired\":true,\"valueName\":\"search_term_string\"}}],\"inLanguage\":\"de\"},{\"@type\":\"Organization\",\"@id\":\"https:\\\/\\\/toerist.info\\\/de\\\/#organization\",\"name\":\"Toerist.info\",\"url\":\"https:\\\/\\\/toerist.info\\\/de\\\/\",\"logo\":{\"@type\":\"ImageObject\",\"inLanguage\":\"de\",\"@id\":\"https:\\\/\\\/toerist.info\\\/de\\\/#\\\/schema\\\/logo\\\/image\\\/\",\"url\":\"https:\\\/\\\/toerist.info\\\/wp-content\\\/uploads\\\/2022\\\/02\\\/toerist.info-logo_white.svg\",\"contentUrl\":\"https:\\\/\\\/toerist.info\\\/wp-content\\\/uploads\\\/2022\\\/02\\\/toerist.info-logo_white.svg\",\"caption\":\"Toerist.info\"},\"image\":{\"@id\":\"https:\\\/\\\/toerist.info\\\/de\\\/#\\\/schema\\\/logo\\\/image\\\/\"}}]}<\/script>\n<!-- \/ Yoast SEO plugin. -->","yoast_head_json":{"title":"Allgemein - Toerist.info","robots":{"index":"index","follow":"follow","max-snippet":"max-snippet:-1","max-image-preview":"max-image-preview:large","max-video-preview":"max-video-preview:-1"},"canonical":"https:\/\/toerist.info\/de\/allgemein\/","og_locale":"de_DE","og_type":"article","og_title":"Allgemein - Toerist.info","og_description":"Schouwen-Duiveland\u00a0(\u00a0Zeeuws:\u00a0Schouwen-Duveland) ist eine Insel und\u00a0Gemeinde\u00a0in der\u00a0niederl\u00e4ndischen\u00a0Provinz\u00a0Zeeland. Die Gemeinde hat 34.054 Einwohner (1. Januar 2021) und hat eine Fl\u00e4che von 488,94 km\u00b2 (davon 257,87 km\u00b2 Wasser). Die Insel hat zwei feste Verbindungen nach Goeree-Overflakkee: den Brouwersdam und den Grevelingendam. Genau wie die Zeeland-Br\u00fccke geht auch das Sturmflutwehr Oosterschelde nach Noord-Beveland. Die Insel ist gr\u00f6\u00dftenteils flach und [&hellip;]","og_url":"https:\/\/toerist.info\/de\/allgemein\/","og_site_name":"Toerist.info","article_modified_time":"2021-09-23T10:30:08+00:00","og_image":[{"width":1920,"height":979,"url":"https:\/\/toerist.info\/wp-content\/uploads\/2021\/06\/Renesse-kopie-1.jpg","type":"image\/jpeg"}],"twitter_card":"summary_large_image","twitter_misc":{"Gesch\u00e4tzte Lesezeit":"2\u00a0Minuten"},"schema":{"@context":"https:\/\/schema.org","@graph":[{"@type":"WebPage","@id":"https:\/\/toerist.info\/de\/allgemein\/","url":"https:\/\/toerist.info\/de\/allgemein\/","name":"Allgemein - Toerist.info","isPartOf":{"@id":"https:\/\/toerist.info\/de\/#website"},"primaryImageOfPage":{"@id":"https:\/\/toerist.info\/de\/allgemein\/#primaryimage"},"image":{"@id":"https:\/\/toerist.info\/de\/allgemein\/#primaryimage"},"thumbnailUrl":"https:\/\/toerist.info\/wp-content\/uploads\/2021\/06\/Renesse-kopie-1.jpg","datePublished":"2021-05-31T05:40:27+00:00","dateModified":"2021-09-23T10:30:08+00:00","breadcrumb":{"@id":"https:\/\/toerist.info\/de\/allgemein\/#breadcrumb"},"inLanguage":"de","potentialAction":[{"@type":"ReadAction","target":["https:\/\/toerist.info\/de\/allgemein\/"]}]},{"@type":"ImageObject","inLanguage":"de","@id":"https:\/\/toerist.info\/de\/allgemein\/#primaryimage","url":"https:\/\/toerist.info\/wp-content\/uploads\/2021\/06\/Renesse-kopie-1.jpg","contentUrl":"https:\/\/toerist.info\/wp-content\/uploads\/2021\/06\/Renesse-kopie-1.jpg","width":1920,"height":979},{"@type":"BreadcrumbList","@id":"https:\/\/toerist.info\/de\/allgemein\/#breadcrumb","itemListElement":[{"@type":"ListItem","position":1,"name":"Home","item":"https:\/\/toerist.info\/de\/"},{"@type":"ListItem","position":2,"name":"Allgemein"}]},{"@type":"WebSite","@id":"https:\/\/toerist.info\/de\/#website","url":"https:\/\/toerist.info\/de\/","name":"Toerist.info","description":"Tourist information Schouwen-Duiveland","publisher":{"@id":"https:\/\/toerist.info\/de\/#organization"},"potentialAction":[{"@type":"SearchAction","target":{"@type":"EntryPoint","urlTemplate":"https:\/\/toerist.info\/de\/?s={search_term_string}"},"query-input":{"@type":"PropertyValueSpecification","valueRequired":true,"valueName":"search_term_string"}}],"inLanguage":"de"},{"@type":"Organization","@id":"https:\/\/toerist.info\/de\/#organization","name":"Toerist.info","url":"https:\/\/toerist.info\/de\/","logo":{"@type":"ImageObject","inLanguage":"de","@id":"https:\/\/toerist.info\/de\/#\/schema\/logo\/image\/","url":"https:\/\/toerist.info\/wp-content\/uploads\/2022\/02\/toerist.info-logo_white.svg","contentUrl":"https:\/\/toerist.info\/wp-content\/uploads\/2022\/02\/toerist.info-logo_white.svg","caption":"Toerist.info"},"image":{"@id":"https:\/\/toerist.info\/de\/#\/schema\/logo\/image\/"}}]}},"_links":{"self":[{"href":"https:\/\/toerist.info\/de\/wp-json\/wp\/v2\/pages\/8044","targetHints":{"allow":["GET"]}}],"collection":[{"href":"https:\/\/toerist.info\/de\/wp-json\/wp\/v2\/pages"}],"about":[{"href":"https:\/\/toerist.info\/de\/wp-json\/wp\/v2\/types\/page"}],"author":[{"embeddable":true,"href":"https:\/\/toerist.info\/de\/wp-json\/wp\/v2\/users\/1"}],"replies":[{"embeddable":true,"href":"https:\/\/toerist.info\/de\/wp-json\/wp\/v2\/comments?post=8044"}],"version-history":[{"count":1,"href":"https:\/\/toerist.info\/de\/wp-json\/wp\/v2\/pages\/8044\/revisions"}],"predecessor-version":[{"id":8045,"href":"https:\/\/toerist.info\/de\/wp-json\/wp\/v2\/pages\/8044\/revisions\/8045"}],"wp:featuredmedia":[{"embeddable":true,"href":"https:\/\/toerist.info\/de\/wp-json\/wp\/v2\/media\/1035"}],"wp:attachment":[{"href":"https:\/\/toerist.info\/de\/wp-json\/wp\/v2\/media?parent=8044"}],"curies":[{"name":"wp","href":"https:\/\/api.w.org\/{rel}","templated":true}]}}